{"id":50,"date":"2019-02-23T10:53:48","date_gmt":"2019-02-23T10:53:48","guid":{"rendered":"https:\/\/robarcol.000webhostapp.com\/?page_id=50"},"modified":"2024-08-30T17:25:07","modified_gmt":"2024-08-30T16:25:07","slug":"horaires","status":"publish","type":"page","link":"https:\/\/www.arc-colombes.com\/index.php\/horaires\/","title":{"rendered":"Horaires"},"content":{"rendered":"\n<h2 class=\"wp-block-heading\">Horaires 2024-2025<\/h2>\n\n\n\n<p>Plusieurs cr\u00e9neaux horaires sont disponibles en fonction du niveau de chacun.<\/p>\n\n\n\n<p>Les entra\u00eenements ont lieu <a href=\"https:\/\/www.arc-colombes.com\/index.php\/ou-pratiquer\/\">en int\u00e9rieur ou au terrain ext\u00e9rieur<\/a> selon la saison. <\/p>\n\n\n\n<figure class=\"wp-block-table alignfull is-style-regular\"><table><tbody><tr><td><\/td><td><strong>09h-10h30<\/strong><\/td><td><strong>10h30-12h<\/strong><\/td><td><strong>19h \u2013 20h30<\/strong><\/td><td><strong>20h30 \u2013 22h00\/22h30<\/strong><\/td><\/tr><tr><td><strong>Lundi<\/strong><\/td><td><\/td><td><\/td><td>Interm\u00e9diaires (Gpe 1)<\/td><td>Tir en autonomie (Gpe Avanc\u00e9)<\/td><\/tr><tr><td><strong>Mardi<\/strong><\/td><td><\/td><td><\/td><td>Groupe Comp\u00e9titeurs **<\/td><td>Groupe Comp\u00e9titeurs**<\/td><\/tr><tr><td><strong>Mercredi<\/strong><\/td><td><\/td><td><\/td><td>Interm\u00e9diaires (Gp 2)<\/td><td>Groupe Avanc\u00e9**<\/td><\/tr><tr><td><strong>Jeudi<\/strong><\/td><td><\/td><td><\/td><td>Tir en autonomie (Comp\u00e9titeurs)<\/td><td>Tir en autonomie (Comp\u00e9titeurs)<\/td><\/tr><tr><td><strong>Vendredi<\/strong><\/td><td><\/td><td><\/td><td>Interm\u00e9diaires (Gpe 3)<\/td><td>Tir Libre*<\/td><\/tr><tr><td><strong>Samedi<\/strong><\/td><td>Interm\u00e9diaires (Gpe 4)<\/td><td>D\u00e9butants<\/td><td><\/td><td><\/td><\/tr><\/tbody><\/table><figcaption class=\"wp-element-caption\">* le tir libre n&#8217;est accessible qu&#8217;aux membres du club disposant de leur propre mat\u00e9riel et avec plus de 3 ans d&#8217;anciennet\u00e9 au club<br>** Cours encadr\u00e9s par un entra\u00eeneur DE<\/figcaption><\/figure>\n","protected":false},"excerpt":{"rendered":"<p>Horaires 2024-2025 Plusieurs cr\u00e9neaux horaires sont disponibles en fonction du niveau de chacun. Les entra\u00eenements ont lieu en int\u00e9rieur ou au terrain ext\u00e9rieur selon la saison. 09h-10h30 10h30-12h 19h \u2013 20h30 20h30 \u2013 22h00\/22h30 Lundi Interm\u00e9diaires (Gpe 1) Tir en autonomie (Gpe Avanc\u00e9) Mardi Groupe Comp\u00e9titeurs ** Groupe Comp\u00e9titeurs** Mercredi Interm\u00e9diaires (Gp 2) Groupe Avanc\u00e9** [&hellip;]<\/p>\n","protected":false},"author":1,"featured_media":0,"parent":0,"menu_order":0,"comment_status":"closed","ping_status":"closed","template":"","meta":{"ocean_post_layout":"","ocean_both_sidebars_style":"","ocean_both_sidebars_content_width":0,"ocean_both_sidebars_sidebars_width":0,"ocean_sidebar":"0","ocean_second_sidebar":"0","ocean_disable_margins":"enable","ocean_add_body_class":"","ocean_shortcode_before_top_bar":"","ocean_shortcode_after_top_bar":"","ocean_shortcode_before_header":"","ocean_shortcode_after_header":"","ocean_has_shortcode":"","ocean_shortcode_after_title":"","ocean_shortcode_before_footer_widgets":"","ocean_shortcode_after_footer_widgets":"","ocean_shortcode_before_footer_bottom":"","ocean_shortcode_after_footer_bottom":"","ocean_display_top_bar":"default","ocean_display_header":"default","ocean_header_style":"","ocean_center_header_left_menu":"0","ocean_custom_header_template":"0","ocean_custom_logo":0,"ocean_custom_retina_logo":0,"ocean_custom_logo_max_width":0,"ocean_custom_logo_tablet_max_width":0,"ocean_custom_logo_mobile_max_width":0,"ocean_custom_logo_max_height":0,"ocean_custom_logo_tablet_max_height":0,"ocean_custom_logo_mobile_max_height":0,"ocean_header_custom_menu":"0","ocean_menu_typo_font_family":"0","ocean_menu_typo_font_subset":"","ocean_menu_typo_font_size":0,"ocean_menu_typo_font_size_tablet":0,"ocean_menu_typo_font_size_mobile":0,"ocean_menu_typo_font_size_unit":"px","ocean_menu_typo_font_weight":"","ocean_menu_typo_font_weight_tablet":"","ocean_menu_typo_font_weight_mobile":"","ocean_menu_typo_transform":"","ocean_menu_typo_transform_tablet":"","ocean_menu_typo_transform_mobile":"","ocean_menu_typo_line_height":0,"ocean_menu_typo_line_height_tablet":0,"ocean_menu_typo_line_height_mobile":0,"ocean_menu_typo_line_height_unit":"","ocean_menu_typo_spacing":0,"ocean_menu_typo_spacing_tablet":0,"ocean_menu_typo_spacing_mobile":0,"ocean_menu_typo_spacing_unit":"","ocean_menu_link_color":"","ocean_menu_link_color_hover":"","ocean_menu_link_color_active":"","ocean_menu_link_background":"","ocean_menu_link_hover_background":"","ocean_menu_link_active_background":"","ocean_menu_social_links_bg":"","ocean_menu_social_hover_links_bg":"","ocean_menu_social_links_color":"","ocean_menu_social_hover_links_color":"","ocean_disable_title":"default","ocean_disable_heading":"default","ocean_post_title":"","ocean_post_subheading":"","ocean_post_title_style":"","ocean_post_title_background_color":"","ocean_post_title_background":0,"ocean_post_title_bg_image_position":"","ocean_post_title_bg_image_attachment":"","ocean_post_title_bg_image_repeat":"","ocean_post_title_bg_image_size":"","ocean_post_title_height":0,"ocean_post_title_bg_overlay":0.5,"ocean_post_title_bg_overlay_color":"","ocean_disable_breadcrumbs":"default","ocean_breadcrumbs_color":"","ocean_breadcrumbs_separator_color":"","ocean_breadcrumbs_links_color":"","ocean_breadcrumbs_links_hover_color":"","ocean_display_footer_widgets":"default","ocean_display_footer_bottom":"default","ocean_custom_footer_template":"0","footnotes":""},"_links":{"self":[{"href":"https:\/\/www.arc-colombes.com\/index.php\/wp-json\/wp\/v2\/pages\/50"}],"collection":[{"href":"https:\/\/www.arc-colombes.com\/index.php\/wp-json\/wp\/v2\/pages"}],"about":[{"href":"https:\/\/www.arc-colombes.com\/index.php\/wp-json\/wp\/v2\/types\/page"}],"author":[{"embeddable":true,"href":"https:\/\/www.arc-colombes.com\/index.php\/wp-json\/wp\/v2\/users\/1"}],"replies":[{"embeddable":true,"href":"https:\/\/www.arc-colombes.com\/index.php\/wp-json\/wp\/v2\/comments?post=50"}],"version-history":[{"count":8,"href":"https:\/\/www.arc-colombes.com\/index.php\/wp-json\/wp\/v2\/pages\/50\/revisions"}],"predecessor-version":[{"id":432,"href":"https:\/\/www.arc-colombes.com\/index.php\/wp-json\/wp\/v2\/pages\/50\/revisions\/432"}],"wp:attachment":[{"href":"https:\/\/www.arc-colombes.com\/index.php\/wp-json\/wp\/v2\/media?parent=50"}],"curies":[{"name":"wp","href":"https:\/\/api.w.org\/{rel}","templated":true}]}}